{"id":998,"date":"2019-09-20T13:35:36","date_gmt":"2019-09-20T11:35:36","guid":{"rendered":"https:\/\/mocplanine.rs\/ru\/product\/import-placeholder-for-228182\/"},"modified":"2025-12-16T15:43:33","modified_gmt":"2025-12-16T14:43:33","slug":"dzem-iz-lesno%d0%b9-cerniki-420g","status":"publish","type":"product","link":"https:\/\/mocplanine.rs\/ru\/proizvod\/dzem-iz-lesno%d0%b9-cerniki-420g\/","title":{"rendered":"\u0414\u0436\u0435\u043c \u0438\u0437 \u043b\u0435\u0441\u043d\u043e\u0439 \u0447\u0435\u0440\u043d\u0438\u043a\u0438"},"content":{"rendered":"<p><span dir=\"auto\" style=\"vertical-align: inherit;\"><span dir=\"auto\" style=\"vertical-align: inherit;\">Napravljeno od divljih borovnica ru\u010dno ubranih na sun\u010danim obroncima Nacionalnog parka Kopaonik. Pripremljeno po tradicionalnom receptu koji su na\u0161i preci prenosili i pa\u017eljivo \u010duvali vekovima. Bez dodatih konzervansa, ve\u0161ta\u010dkih boja ili aroma. U\u017eivajte kao desert nakon obroka ili kao namaz.<\/span><\/span><\/p>\n","protected":false},"excerpt":{"rendered":"<p><span dir=\"auto\" style=\"vertical-align: inherit;\"><span dir=\"auto\" style=\"vertical-align: inherit;\">\u010cak 842 so\u010dne borovnice. Dar prirode je tu za vas. Nema potrebe za brojanjem, samo u\u017eivajte u bobicama.<\/span><\/span><\/p>\n","protected":false},"featured_media":4030,"comment_status":"closed","ping_status":"closed","template":"","meta":{"_acf_changed":false},"product_cat":[78],"product_tag":[],"class_list":{"0":"post-998","1":"product","2":"type-product","3":"status-publish","4":"has-post-thumbnail","6":"product_cat-dzem","8":"first","9":"instock","10":"shipping-taxable","11":"purchasable","12":"product-type-simple"},"acf":[],"_links":{"self":[{"href":"https:\/\/mocplanine.rs\/ru\/wp-json\/wp\/v2\/product\/998","targetHints":{"allow":["GET"]}}],"collection":[{"href":"https:\/\/mocplanine.rs\/ru\/wp-json\/wp\/v2\/product"}],"about":[{"href":"https:\/\/mocplanine.rs\/ru\/wp-json\/wp\/v2\/types\/product"}],"replies":[{"embeddable":true,"href":"https:\/\/mocplanine.rs\/ru\/wp-json\/wp\/v2\/comments?post=998"}],"wp:featuredmedia":[{"embeddable":true,"href":"https:\/\/mocplanine.rs\/ru\/wp-json\/wp\/v2\/media\/4030"}],"wp:attachment":[{"href":"https:\/\/mocplanine.rs\/ru\/wp-json\/wp\/v2\/media?parent=998"}],"wp:term":[{"taxonomy":"product_cat","embeddable":true,"href":"https:\/\/mocplanine.rs\/ru\/wp-json\/wp\/v2\/product_cat?post=998"},{"taxonomy":"product_tag","embeddable":true,"href":"https:\/\/mocplanine.rs\/ru\/wp-json\/wp\/v2\/product_tag?post=998"}],"curies":[{"name":"wp","href":"https:\/\/api.w.org\/{rel}","templated":true}]}}