{"id":1004,"date":"2019-09-20T13:35:36","date_gmt":"2019-09-20T11:35:36","guid":{"rendered":"https:\/\/mocplanine.rs\/ru\/product\/import-placeholder-for-228207\/"},"modified":"2025-12-16T15:56:10","modified_gmt":"2025-12-16T14:56:10","slug":"dzem-sipurak-420g","status":"publish","type":"product","link":"https:\/\/mocplanine.rs\/ru\/proizvod\/dzem-sipurak-420g\/","title":{"rendered":"\u0414\u0436\u0435\u043c \u0438\u0437 \u0448\u0438\u043f\u043e\u0432\u043d\u0438\u043a\u0430"},"content":{"rendered":"<p><span dir=\"auto\" style=\"vertical-align: inherit;\"><span dir=\"auto\" style=\"vertical-align: inherit;\">Doma\u0107i d\u017eem napravljen od divljih \u0161ipka koje mje\u0161tani ru\u010dno beru na obroncima Kopaonika. \u0160ipak je poznat i kao kralj biljaka, jer je nevjerovatno koristan za zdravlje, vitalnost i ishranu. D\u017eem od \u0161ipka sadr\u017ei bogatstvo vitamina C, minerala i korisnih kiselina. Priprema se po tradicionalnom receptu koji su na\u0161i preci prenosili i pa\u017eljivo \u010duvali vekovima. Ne dodaju se konzervansi, ve\u0161ta\u010dke boje ili arome.<\/span><\/span><\/p>\n","protected":false},"excerpt":{"rendered":"<p><span dir=\"auto\" style=\"vertical-align: inherit;\"><span dir=\"auto\" style=\"vertical-align: inherit;\">438 so\u010dnih \u0161ipka. I isto toliko razloga za zadovoljstvo sa samo jednim zalogajem. U\u017eivajte s nama.<\/span><\/span><\/p>\n","protected":false},"featured_media":4040,"comment_status":"closed","ping_status":"closed","template":"","meta":{"_acf_changed":false},"product_cat":[78],"product_tag":[],"class_list":{"0":"post-1004","1":"product","2":"type-product","3":"status-publish","4":"has-post-thumbnail","6":"product_cat-dzem","8":"first","9":"instock","10":"shipping-taxable","11":"purchasable","12":"product-type-simple"},"acf":[],"_links":{"self":[{"href":"https:\/\/mocplanine.rs\/ru\/wp-json\/wp\/v2\/product\/1004","targetHints":{"allow":["GET"]}}],"collection":[{"href":"https:\/\/mocplanine.rs\/ru\/wp-json\/wp\/v2\/product"}],"about":[{"href":"https:\/\/mocplanine.rs\/ru\/wp-json\/wp\/v2\/types\/product"}],"replies":[{"embeddable":true,"href":"https:\/\/mocplanine.rs\/ru\/wp-json\/wp\/v2\/comments?post=1004"}],"wp:featuredmedia":[{"embeddable":true,"href":"https:\/\/mocplanine.rs\/ru\/wp-json\/wp\/v2\/media\/4040"}],"wp:attachment":[{"href":"https:\/\/mocplanine.rs\/ru\/wp-json\/wp\/v2\/media?parent=1004"}],"wp:term":[{"taxonomy":"product_cat","embeddable":true,"href":"https:\/\/mocplanine.rs\/ru\/wp-json\/wp\/v2\/product_cat?post=1004"},{"taxonomy":"product_tag","embeddable":true,"href":"https:\/\/mocplanine.rs\/ru\/wp-json\/wp\/v2\/product_tag?post=1004"}],"curies":[{"name":"wp","href":"https:\/\/api.w.org\/{rel}","templated":true}]}}