{"id":997,"date":"2019-09-20T13:35:35","date_gmt":"2019-09-20T11:35:35","guid":{"rendered":"https:\/\/mocplanine.rs\/de\/product\/import-placeholder-for-228178\/"},"modified":"2026-01-29T11:39:17","modified_gmt":"2026-01-29T10:39:17","slug":"dzem-jagoda-420g","status":"publish","type":"product","link":"https:\/\/mocplanine.rs\/de\/proizvod\/dzem-jagoda-420g\/","title":{"rendered":"Marmelade &#8211; Erdbeere"},"content":{"rendered":"<p>Hergestellt aus den besten, handverlesenen roten Erdbeerfr\u00fcchten, die in den l\u00e4ndlichen Haushalten von Kopaoni\u0107 angebaut werden. Hergestellt nach dem traditionellen Rezept, das unsere Vorfahren \u00fcber Jahrhunderte weitergegeben und treu bewahrt haben. Ohne Zusatz von Konservierungsmitteln, k\u00fcnstlichen Farb- und Aromastoffen.<\/p>\n","protected":false},"excerpt":{"rendered":"<p>Handverlesene Erdbeeren, zubereitet nach dem Rezept unserer Vorfahren, sorgen f\u00fcr die ganze S\u00fc\u00dfe und Geschmacksf\u00fclle. Was k\u00f6nnte man sagen &#8211; sich die Finger lecken!<\/p>\n","protected":false},"featured_media":4315,"comment_status":"closed","ping_status":"closed","template":"","meta":{"_acf_changed":false},"product_cat":[78],"product_tag":[],"class_list":{"0":"post-997","1":"product","2":"type-product","3":"status-publish","4":"has-post-thumbnail","6":"product_cat-marmeladen","8":"first","9":"instock","10":"shipping-taxable","11":"purchasable","12":"product-type-simple"},"acf":[],"_links":{"self":[{"href":"https:\/\/mocplanine.rs\/de\/wp-json\/wp\/v2\/product\/997","targetHints":{"allow":["GET"]}}],"collection":[{"href":"https:\/\/mocplanine.rs\/de\/wp-json\/wp\/v2\/product"}],"about":[{"href":"https:\/\/mocplanine.rs\/de\/wp-json\/wp\/v2\/types\/product"}],"replies":[{"embeddable":true,"href":"https:\/\/mocplanine.rs\/de\/wp-json\/wp\/v2\/comments?post=997"}],"wp:featuredmedia":[{"embeddable":true,"href":"https:\/\/mocplanine.rs\/de\/wp-json\/wp\/v2\/media\/4315"}],"wp:attachment":[{"href":"https:\/\/mocplanine.rs\/de\/wp-json\/wp\/v2\/media?parent=997"}],"wp:term":[{"taxonomy":"product_cat","embeddable":true,"href":"https:\/\/mocplanine.rs\/de\/wp-json\/wp\/v2\/product_cat?post=997"},{"taxonomy":"product_tag","embeddable":true,"href":"https:\/\/mocplanine.rs\/de\/wp-json\/wp\/v2\/product_tag?post=997"}],"curies":[{"name":"wp","href":"https:\/\/api.w.org\/{rel}","templated":true}]}}