{"id":1850,"date":"2021-08-30T14:39:15","date_gmt":"2021-08-30T12:39:15","guid":{"rendered":"https:\/\/www.mocplanine.rs\/de\/?post_type=product&#038;p=1850"},"modified":"2026-01-29T11:52:43","modified_gmt":"2026-01-29T10:52:43","slug":"sirup-zova-blume-720g","status":"publish","type":"product","link":"https:\/\/mocplanine.rs\/de\/proizvod\/sirup-zova-blume-720g\/","title":{"rendered":"Sirup &#8211; Zova Blume"},"content":{"rendered":"<p>Mai ist der Monat, in dem wir mit dem Kornblumenpfl\u00fccken beginnen. Kornblumen werden bei sonnigem Wetter geerntet und an den H\u00e4ngen des Kopaonik-Nationalparks bl\u00fchen nur die Blumen vollst\u00e4ndig mit gelbem Malzpulver. Sauerampfersirup ist ein traditionelles Getr\u00e4nk unserer Vorfahren. Abgesehen davon, dass die Mischung aus Sirup und Wasser einen k\u00f6stlichen Saft ergibt, ist es auch sehr medizinisch. Zova-Bl\u00fcten sind extrem reich an Glukose, Tanninen, Flavonoiden, Carotinen, Rutin und Vitamin C. Zova-Beeren enthalten Alkaloide, Carotine, Tannine, organische S\u00e4uren und die Vitamine A, B und C, st\u00e4rken das Immunsystem, au\u00dferdem hat Zova antivirale und antimikrobielle Wirkungen . Im Verh\u00e4ltnis 1:6 mit Wasser verd\u00fcnnen.<\/p>\n","protected":false},"excerpt":{"rendered":"<p>Sauerampfersirup ist ein traditionelles Getr\u00e4nk unserer Vorfahren. Abgesehen davon, dass die Mischung aus Sirup und Wasser einen k\u00f6stlichen Saft ergibt, ist es auch sehr medizinisch.<\/p>\n","protected":false},"featured_media":4319,"comment_status":"closed","ping_status":"closed","template":"","meta":{"_acf_changed":false},"product_cat":[79],"product_tag":[],"class_list":{"0":"post-1850","1":"product","2":"type-product","3":"status-publish","4":"has-post-thumbnail","6":"product_cat-sirup-und-honig","8":"first","9":"instock","10":"shipping-taxable","11":"purchasable","12":"product-type-simple"},"acf":[],"_links":{"self":[{"href":"https:\/\/mocplanine.rs\/de\/wp-json\/wp\/v2\/product\/1850","targetHints":{"allow":["GET"]}}],"collection":[{"href":"https:\/\/mocplanine.rs\/de\/wp-json\/wp\/v2\/product"}],"about":[{"href":"https:\/\/mocplanine.rs\/de\/wp-json\/wp\/v2\/types\/product"}],"replies":[{"embeddable":true,"href":"https:\/\/mocplanine.rs\/de\/wp-json\/wp\/v2\/comments?post=1850"}],"wp:featuredmedia":[{"embeddable":true,"href":"https:\/\/mocplanine.rs\/de\/wp-json\/wp\/v2\/media\/4319"}],"wp:attachment":[{"href":"https:\/\/mocplanine.rs\/de\/wp-json\/wp\/v2\/media?parent=1850"}],"wp:term":[{"taxonomy":"product_cat","embeddable":true,"href":"https:\/\/mocplanine.rs\/de\/wp-json\/wp\/v2\/product_cat?post=1850"},{"taxonomy":"product_tag","embeddable":true,"href":"https:\/\/mocplanine.rs\/de\/wp-json\/wp\/v2\/product_tag?post=1850"}],"curies":[{"name":"wp","href":"https:\/\/api.w.org\/{rel}","templated":true}]}}