{"id":1843,"date":"2021-08-30T13:01:25","date_gmt":"2021-08-30T11:01:25","guid":{"rendered":"https:\/\/www.mocplanine.rs\/de\/?post_type=product&#038;p=1843"},"modified":"2026-01-29T11:52:32","modified_gmt":"2026-01-29T10:52:32","slug":"sirup-kiefernnadeln-450g","status":"publish","type":"product","link":"https:\/\/mocplanine.rs\/de\/proizvod\/sirup-kiefernnadeln-450g\/","title":{"rendered":"Sirup &#8211; Tannennadeln"},"content":{"rendered":"<p>Nat\u00fcrlicher Sirup aus jungen Kiefernnadeln kann vor allem bei Husten und neben der St\u00e4rkung des Immunsystems auch bei Bronchitis, verschiedenen Erk\u00e4ltungen und anderen gesundheitlichen Problemen im Zusammenhang mit den Atmungsorganen eingesetzt werden. Es wird besonders bei einem R\u00fcckgang der Immunit\u00e4t sowie w\u00e4hrend der Genesung nach schweren Krankheiten empfohlen, wenn der K\u00f6rper wieder an Kraft und Vitalit\u00e4t gewinnt. Es ist reich an Beta-Carotin und Vitamin C. An einem dunklen und trockenen Ort aufbewahren.<\/p>\n","protected":false},"excerpt":{"rendered":"<p>Auf einer H\u00f6he von etwa 1500 m an den H\u00e4ngen des Kopaonik-Nationalparks ernten wir junge Triebe von Kiefernnadeln und stellen dann nach dem Rezept unserer Vorfahren Sirup aus Kiefernnadeln her, der in der Volksmedizin verwendet wird Jahrhunderte.<\/p>\n","protected":false},"featured_media":4318,"comment_status":"closed","ping_status":"closed","template":"","meta":{"_acf_changed":false},"product_cat":[79],"product_tag":[],"class_list":{"0":"post-1843","1":"product","2":"type-product","3":"status-publish","4":"has-post-thumbnail","6":"product_cat-sirup-und-honig","8":"first","9":"instock","10":"shipping-taxable","11":"purchasable","12":"product-type-simple"},"acf":[],"_links":{"self":[{"href":"https:\/\/mocplanine.rs\/de\/wp-json\/wp\/v2\/product\/1843","targetHints":{"allow":["GET"]}}],"collection":[{"href":"https:\/\/mocplanine.rs\/de\/wp-json\/wp\/v2\/product"}],"about":[{"href":"https:\/\/mocplanine.rs\/de\/wp-json\/wp\/v2\/types\/product"}],"replies":[{"embeddable":true,"href":"https:\/\/mocplanine.rs\/de\/wp-json\/wp\/v2\/comments?post=1843"}],"wp:featuredmedia":[{"embeddable":true,"href":"https:\/\/mocplanine.rs\/de\/wp-json\/wp\/v2\/media\/4318"}],"wp:attachment":[{"href":"https:\/\/mocplanine.rs\/de\/wp-json\/wp\/v2\/media?parent=1843"}],"wp:term":[{"taxonomy":"product_cat","embeddable":true,"href":"https:\/\/mocplanine.rs\/de\/wp-json\/wp\/v2\/product_cat?post=1843"},{"taxonomy":"product_tag","embeddable":true,"href":"https:\/\/mocplanine.rs\/de\/wp-json\/wp\/v2\/product_tag?post=1843"}],"curies":[{"name":"wp","href":"https:\/\/api.w.org\/{rel}","templated":true}]}}