{"id":1729,"date":"2021-02-15T12:43:32","date_gmt":"2021-02-15T11:43:32","guid":{"rendered":"https:\/\/www.mocplanine.rs\/de\/?post_type=product&#038;p=1729"},"modified":"2026-01-29T11:38:45","modified_gmt":"2026-01-29T10:38:45","slug":"belolucene-paprike-550g","status":"publish","type":"product","link":"https:\/\/mocplanine.rs\/de\/proizvod\/belolucene-paprike-550g\/","title":{"rendered":"Wei\u00dfe Paprika"},"content":{"rendered":"<p>Knoblauchpaprika, Salat aus ger\u00f6steten Paprika und Knoblauch unter Zusatz von Petersilie, Essig und Sonnenblumen\u00f6l. Ger\u00f6steter Pfeffer und Knoblauch, Aromen, die einzeln sch\u00f6n und besonders sind, aber zu zweit f\u00fcr jeden Gaumen absolut unwiderstehlich werden.<\/p>\n","protected":false},"excerpt":{"rendered":"<p>Na\u0161e belolu\u010dene paprike prave se od doma\u0107ih sorti crvenih paprika, pe\u010denih na tradicionalan na\u010din po recepturama na\u0161ih baka. Belolu\u010dene paprike su tu da zadovolje sva\u010dije nepce.<\/p>\n","protected":false},"featured_media":4314,"comment_status":"closed","ping_status":"closed","template":"","meta":{"_acf_changed":false},"product_cat":[67],"product_tag":[],"class_list":{"0":"post-1729","1":"product","2":"type-product","3":"status-publish","4":"has-post-thumbnail","6":"product_cat-ajvar-paprika-und-safte","8":"first","9":"instock","10":"shipping-taxable","11":"purchasable","12":"product-type-simple"},"acf":[],"_links":{"self":[{"href":"https:\/\/mocplanine.rs\/de\/wp-json\/wp\/v2\/product\/1729","targetHints":{"allow":["GET"]}}],"collection":[{"href":"https:\/\/mocplanine.rs\/de\/wp-json\/wp\/v2\/product"}],"about":[{"href":"https:\/\/mocplanine.rs\/de\/wp-json\/wp\/v2\/types\/product"}],"replies":[{"embeddable":true,"href":"https:\/\/mocplanine.rs\/de\/wp-json\/wp\/v2\/comments?post=1729"}],"wp:featuredmedia":[{"embeddable":true,"href":"https:\/\/mocplanine.rs\/de\/wp-json\/wp\/v2\/media\/4314"}],"wp:attachment":[{"href":"https:\/\/mocplanine.rs\/de\/wp-json\/wp\/v2\/media?parent=1729"}],"wp:term":[{"taxonomy":"product_cat","embeddable":true,"href":"https:\/\/mocplanine.rs\/de\/wp-json\/wp\/v2\/product_cat?post=1729"},{"taxonomy":"product_tag","embeddable":true,"href":"https:\/\/mocplanine.rs\/de\/wp-json\/wp\/v2\/product_tag?post=1729"}],"curies":[{"name":"wp","href":"https:\/\/api.w.org\/{rel}","templated":true}]}}