{"id":1007,"date":"2019-09-20T13:35:36","date_gmt":"2019-09-20T11:35:36","guid":{"rendered":"https:\/\/mocplanine.rs\/de\/product\/import-placeholder-for-228216\/"},"modified":"2026-01-29T11:14:51","modified_gmt":"2026-01-29T10:14:51","slug":"ajvar-wutend-580g","status":"publish","type":"product","link":"https:\/\/mocplanine.rs\/de\/proizvod\/ajvar-wutend-580g\/","title":{"rendered":"Ajvar \u2013 W\u00fctend"},"content":{"rendered":"<p><span dir=\"auto\" style=\"vertical-align: inherit;\"><span dir=\"auto\" style=\"vertical-align: inherit;\">Doma\u0107i ajvar, ili srpski kavijar, jedan je od na\u0161ih najprodavanijih proizvoda. Pa\u017eljivo biramo staru srpsku sortu paprika Kurtovka, ubranih na poljima oko rijeke Morave, i pe\u010demo ih na pe\u0107ima na drva. Nakon toga ih ru\u010dno gulimo i meljemo, a zatim kuhamo u pohovanim tavama na laganoj vatri, lagano mije\u0161aju\u0107i. Na\u0161 ajvar je \u010disti ajvar, napravljen samo od paprika, bez ikakvih umjetnih aroma, boja ili konzervansa. Njegov okus i aroma \u0107e starije generacije vratiti decenijama unazad, do njihovih korijena. Podsjetit \u0107emo ih na pravi okus i miris ajvara, ba\u0161 onako kako su ga njihove majke pripremale, dok \u0107e mladi u\u010diti kako izgleda autenti\u010dni, tradicionalni srpski ajvar.<\/span><\/span><\/p>\n","protected":false},"excerpt":{"rendered":"<p><span dir=\"auto\" style=\"vertical-align: inherit;\"><span dir=\"auto\" style=\"vertical-align: inherit;\">Na\u0161 ajvar se pravi od lokalnih sorti crvene paprike i pe\u010de se tradicionalnim metodama zasnovanim na receptima na\u0161ih baka. Budu\u0107i da se ukusi razlikuju i \u017eelimo zadovoljiti svako nepce, nudimo dvije vrste ajvara \u2013 ljuti i blagi.<\/span><\/span><\/p>\n","protected":false},"featured_media":4306,"comment_status":"closed","ping_status":"closed","template":"","meta":{"_acf_changed":false},"product_cat":[67],"product_tag":[],"class_list":{"0":"post-1007","1":"product","2":"type-product","3":"status-publish","4":"has-post-thumbnail","6":"product_cat-ajvar-paprika-und-safte","8":"first","9":"instock","10":"shipping-taxable","11":"purchasable","12":"product-type-simple"},"acf":[],"_links":{"self":[{"href":"https:\/\/mocplanine.rs\/de\/wp-json\/wp\/v2\/product\/1007","targetHints":{"allow":["GET"]}}],"collection":[{"href":"https:\/\/mocplanine.rs\/de\/wp-json\/wp\/v2\/product"}],"about":[{"href":"https:\/\/mocplanine.rs\/de\/wp-json\/wp\/v2\/types\/product"}],"replies":[{"embeddable":true,"href":"https:\/\/mocplanine.rs\/de\/wp-json\/wp\/v2\/comments?post=1007"}],"wp:featuredmedia":[{"embeddable":true,"href":"https:\/\/mocplanine.rs\/de\/wp-json\/wp\/v2\/media\/4306"}],"wp:attachment":[{"href":"https:\/\/mocplanine.rs\/de\/wp-json\/wp\/v2\/media?parent=1007"}],"wp:term":[{"taxonomy":"product_cat","embeddable":true,"href":"https:\/\/mocplanine.rs\/de\/wp-json\/wp\/v2\/product_cat?post=1007"},{"taxonomy":"product_tag","embeddable":true,"href":"https:\/\/mocplanine.rs\/de\/wp-json\/wp\/v2\/product_tag?post=1007"}],"curies":[{"name":"wp","href":"https:\/\/api.w.org\/{rel}","templated":true}]}}