{"id":1006,"date":"2019-09-20T13:35:36","date_gmt":"2019-09-20T11:35:36","guid":{"rendered":"https:\/\/mocplanine.rs\/de\/product\/import-placeholder-for-228213\/"},"modified":"2026-01-29T11:39:54","modified_gmt":"2026-01-29T10:39:54","slug":"pflaumenmarmelade-420g","status":"publish","type":"product","link":"https:\/\/mocplanine.rs\/de\/proizvod\/pflaumenmarmelade-420g\/","title":{"rendered":"Pflaumenmarmelade"},"content":{"rendered":"<p>Hausgemachte Pflaumenmarmelade, hergestellt aus einer speziell ausgew\u00e4hlten Pflaumensorte, die am Fu\u00dfe des Berges Kopaonik gesammelt wurden. Wir pfl\u00fccken die Pflaumen von Hand in einem Pflaumengarten, w\u00e4hlen die reifen dunkelblauen Fr\u00fcchte aus und kochen sie dann in Gusseisent\u00f6pfen bei schwacher Hitze unter st\u00e4ndigem R\u00fchren, bis das gew\u00fcnschte Aroma und der gew\u00fcnschte Geschmack erreicht sind. Ideal f\u00fcr Pfannkuchen. Keine zus\u00e4tzlichen Konservierungsstoffe, k\u00fcnstlichen Farbstoffe oder Aromen.<\/p>\n","protected":false},"excerpt":{"rendered":"<p>Wenn wir Pflaumenmarmelade sagen, denken wir an unsere Gro\u00dfm\u00fctter. Nach ihrem Rezept zubereitet, um Geschmack und Authentizit\u00e4t zu bewahren!<\/p>\n","protected":false},"featured_media":4316,"comment_status":"closed","ping_status":"closed","template":"","meta":{"_acf_changed":false},"product_cat":[78],"product_tag":[],"class_list":{"0":"post-1006","1":"product","2":"type-product","3":"status-publish","4":"has-post-thumbnail","6":"product_cat-marmeladen","8":"first","9":"instock","10":"shipping-taxable","11":"purchasable","12":"product-type-simple"},"acf":[],"_links":{"self":[{"href":"https:\/\/mocplanine.rs\/de\/wp-json\/wp\/v2\/product\/1006","targetHints":{"allow":["GET"]}}],"collection":[{"href":"https:\/\/mocplanine.rs\/de\/wp-json\/wp\/v2\/product"}],"about":[{"href":"https:\/\/mocplanine.rs\/de\/wp-json\/wp\/v2\/types\/product"}],"replies":[{"embeddable":true,"href":"https:\/\/mocplanine.rs\/de\/wp-json\/wp\/v2\/comments?post=1006"}],"wp:featuredmedia":[{"embeddable":true,"href":"https:\/\/mocplanine.rs\/de\/wp-json\/wp\/v2\/media\/4316"}],"wp:attachment":[{"href":"https:\/\/mocplanine.rs\/de\/wp-json\/wp\/v2\/media?parent=1006"}],"wp:term":[{"taxonomy":"product_cat","embeddable":true,"href":"https:\/\/mocplanine.rs\/de\/wp-json\/wp\/v2\/product_cat?post=1006"},{"taxonomy":"product_tag","embeddable":true,"href":"https:\/\/mocplanine.rs\/de\/wp-json\/wp\/v2\/product_tag?post=1006"}],"curies":[{"name":"wp","href":"https:\/\/api.w.org\/{rel}","templated":true}]}}