{"id":1003,"date":"2019-09-20T13:35:36","date_gmt":"2019-09-20T11:35:36","guid":{"rendered":"https:\/\/mocplanine.rs\/de\/product\/import-placeholder-for-228200\/"},"modified":"2026-01-29T11:55:11","modified_gmt":"2026-01-29T10:55:11","slug":"konfiture-waldbrombeere-380g","status":"publish","type":"product","link":"https:\/\/mocplanine.rs\/de\/proizvod\/konfiture-waldbrombeere-380g\/","title":{"rendered":"Konfit\u00fcre &#8211; Wilde Brombeeren"},"content":{"rendered":"<p>Waldk\u00f6nigin oder Waldbrombeere ist eine der aromatischsten K\u00f6stlichkeiten aus unserer K\u00fcche. Hausgemachte Brombeers\u00fc\u00dfigkeit aus verschiedenen Brombeerfr\u00fcchten, die in den W\u00e4ldern von Kopaonik geerntet werden. Auf traditionelle Weise nach dem Rezept unserer Vorfahren hergestellt, wobei die reifsten und saftigsten Fr\u00fcchte gekauft und in Zuckersirup gekocht werden, bis wir die ideale Dichte, den idealen Geruch und den idealen Geschmack erreicht haben, die diese S\u00fc\u00dfigkeit spezifisch machen. Ohne Zusatz von Konservierungsmitteln, k\u00fcnstlichen Farb- und Aromastoffen.<\/p>\n","protected":false},"excerpt":{"rendered":"<p>Wilde Brombeeren, zubereitet nach dem Rezept unserer Vorfahren. Nat\u00fcrlich, gesund und s\u00fc\u00df!<\/p>\n","protected":false},"featured_media":4321,"comment_status":"closed","ping_status":"closed","template":"","meta":{"_acf_changed":false},"product_cat":[70],"product_tag":[],"class_list":{"0":"post-1003","1":"product","2":"type-product","3":"status-publish","4":"has-post-thumbnail","6":"product_cat-konfiture","8":"first","9":"instock","10":"shipping-taxable","11":"purchasable","12":"product-type-simple"},"acf":[],"_links":{"self":[{"href":"https:\/\/mocplanine.rs\/de\/wp-json\/wp\/v2\/product\/1003","targetHints":{"allow":["GET"]}}],"collection":[{"href":"https:\/\/mocplanine.rs\/de\/wp-json\/wp\/v2\/product"}],"about":[{"href":"https:\/\/mocplanine.rs\/de\/wp-json\/wp\/v2\/types\/product"}],"replies":[{"embeddable":true,"href":"https:\/\/mocplanine.rs\/de\/wp-json\/wp\/v2\/comments?post=1003"}],"wp:featuredmedia":[{"embeddable":true,"href":"https:\/\/mocplanine.rs\/de\/wp-json\/wp\/v2\/media\/4321"}],"wp:attachment":[{"href":"https:\/\/mocplanine.rs\/de\/wp-json\/wp\/v2\/media?parent=1003"}],"wp:term":[{"taxonomy":"product_cat","embeddable":true,"href":"https:\/\/mocplanine.rs\/de\/wp-json\/wp\/v2\/product_cat?post=1003"},{"taxonomy":"product_tag","embeddable":true,"href":"https:\/\/mocplanine.rs\/de\/wp-json\/wp\/v2\/product_tag?post=1003"}],"curies":[{"name":"wp","href":"https:\/\/api.w.org\/{rel}","templated":true}]}}