{"id":1001,"date":"2019-09-20T13:35:36","date_gmt":"2019-09-20T11:35:36","guid":{"rendered":"https:\/\/mocplanine.rs\/de\/product\/import-placeholder-for-228192\/"},"modified":"2026-01-29T11:55:23","modified_gmt":"2026-01-29T10:55:23","slug":"konfiture-wilde-erdbeere-380g","status":"publish","type":"product","link":"https:\/\/mocplanine.rs\/de\/proizvod\/konfiture-wilde-erdbeere-380g\/","title":{"rendered":"Konfit\u00fcre &#8211; Wilde Erdbeere"},"content":{"rendered":"<p>Hausgemachte S\u00fc\u00dfigkeiten aus Walderdbeeren sind eine traditionelle Marke aus Kopaonija, die einfach in jedem Haushalt in den D\u00f6rfern von Podkapaonija serviert werden darf. Eine ideale Delikatesse, sowohl mit kaltem Wasser als auch zu Pfannkuchen. Wir kochen frische Walderdbeeren, die von Hand auf den sonnigen Lichtungen von Kopaonika gepfl\u00fcckt werden, in Zuckersirup in Schlagpfannen, bis die gew\u00fcnschte Dichte und Qualit\u00e4t erreicht ist. S\u00fc\u00dfes aus Walderdbeeren hat einen ganz besonderen Geschmack und Geruch und es ist einfach unvermeidlich, dass jede Hausfrau es in ihrer Speisekammer hat. Ohne Zusatz von Konservierungsmitteln, k\u00fcnstlichen Farb- und Aromastoffen.<\/p>\n","protected":false},"excerpt":{"rendered":"<p>Erdbeerwaldfr\u00fcchte. F\u00fcr s\u00fc\u00dfe Geschmacksvollendung und den richtigen Start in den Tag.<\/p>\n","protected":false},"featured_media":4322,"comment_status":"closed","ping_status":"closed","template":"","meta":{"_acf_changed":false},"product_cat":[70],"product_tag":[],"class_list":{"0":"post-1001","1":"product","2":"type-product","3":"status-publish","4":"has-post-thumbnail","6":"product_cat-konfiture","8":"first","9":"instock","10":"shipping-taxable","11":"purchasable","12":"product-type-simple"},"acf":[],"_links":{"self":[{"href":"https:\/\/mocplanine.rs\/de\/wp-json\/wp\/v2\/product\/1001","targetHints":{"allow":["GET"]}}],"collection":[{"href":"https:\/\/mocplanine.rs\/de\/wp-json\/wp\/v2\/product"}],"about":[{"href":"https:\/\/mocplanine.rs\/de\/wp-json\/wp\/v2\/types\/product"}],"replies":[{"embeddable":true,"href":"https:\/\/mocplanine.rs\/de\/wp-json\/wp\/v2\/comments?post=1001"}],"wp:featuredmedia":[{"embeddable":true,"href":"https:\/\/mocplanine.rs\/de\/wp-json\/wp\/v2\/media\/4322"}],"wp:attachment":[{"href":"https:\/\/mocplanine.rs\/de\/wp-json\/wp\/v2\/media?parent=1001"}],"wp:term":[{"taxonomy":"product_cat","embeddable":true,"href":"https:\/\/mocplanine.rs\/de\/wp-json\/wp\/v2\/product_cat?post=1001"},{"taxonomy":"product_tag","embeddable":true,"href":"https:\/\/mocplanine.rs\/de\/wp-json\/wp\/v2\/product_tag?post=1001"}],"curies":[{"name":"wp","href":"https:\/\/api.w.org\/{rel}","templated":true}]}}