{"id":1000,"date":"2019-09-20T13:35:36","date_gmt":"2019-09-20T11:35:36","guid":{"rendered":"https:\/\/mocplanine.rs\/de\/product\/import-placeholder-for-228189\/"},"modified":"2026-01-29T11:17:20","modified_gmt":"2026-01-29T10:17:20","slug":"jam-bergmischung-420g","status":"publish","type":"product","link":"https:\/\/mocplanine.rs\/de\/proizvod\/jam-bergmischung-420g\/","title":{"rendered":"Jam \u2013 Bergmischung"},"content":{"rendered":"<p>Hausgemachtes Jam aus der besten Mischung der ges\u00fcndesten Fr\u00fcchte des Kopaonik Gebirge, Waldblaubeeren vom Kopaonik werden mit wilden Brombeeren, domestizierten Himbeeren gemischt. Die Bergmischung ist eine echte Erfrischung unter den Jams, bei denen Sie die ganze Kraft des Berges in einem St\u00fcck sp\u00fcren k\u00f6nnen. Verbessert und st\u00e4rkt die Immunit\u00e4t des K\u00f6rpers. Keine zus\u00e4tzlichen Konservierungsstoffe, k\u00fcnstlichen Farbstoffe oder Aromen.<\/p>\n","protected":false},"excerpt":{"rendered":"<p>Klingt mysteri\u00f6s, nicht wahr? Die perfekte Kombination aus saftigen Blaubeeren, Himbeeren und Brombeeren. Wenn Sie sich nicht entscheiden k\u00f6nnen, ist die Wahl einfach: eine Bergmischung &#8211; sie passt zu allem!<\/p>\n","protected":false},"featured_media":4310,"comment_status":"closed","ping_status":"closed","template":"","meta":{"_acf_changed":false},"product_cat":[78],"product_tag":[],"class_list":{"0":"post-1000","1":"product","2":"type-product","3":"status-publish","4":"has-post-thumbnail","6":"product_cat-marmeladen","8":"first","9":"instock","10":"shipping-taxable","11":"purchasable","12":"product-type-simple"},"acf":[],"_links":{"self":[{"href":"https:\/\/mocplanine.rs\/de\/wp-json\/wp\/v2\/product\/1000","targetHints":{"allow":["GET"]}}],"collection":[{"href":"https:\/\/mocplanine.rs\/de\/wp-json\/wp\/v2\/product"}],"about":[{"href":"https:\/\/mocplanine.rs\/de\/wp-json\/wp\/v2\/types\/product"}],"replies":[{"embeddable":true,"href":"https:\/\/mocplanine.rs\/de\/wp-json\/wp\/v2\/comments?post=1000"}],"wp:featuredmedia":[{"embeddable":true,"href":"https:\/\/mocplanine.rs\/de\/wp-json\/wp\/v2\/media\/4310"}],"wp:attachment":[{"href":"https:\/\/mocplanine.rs\/de\/wp-json\/wp\/v2\/media?parent=1000"}],"wp:term":[{"taxonomy":"product_cat","embeddable":true,"href":"https:\/\/mocplanine.rs\/de\/wp-json\/wp\/v2\/product_cat?post=1000"},{"taxonomy":"product_tag","embeddable":true,"href":"https:\/\/mocplanine.rs\/de\/wp-json\/wp\/v2\/product_tag?post=1000"}],"curies":[{"name":"wp","href":"https:\/\/api.w.org\/{rel}","templated":true}]}}